{"id":12401,"date":"2019-02-06T11:19:57","date_gmt":"2019-02-06T13:19:57","guid":{"rendered":"http:\/\/colegioperes.com.br\/site\/?page_id=12401"},"modified":"2019-10-31T14:28:46","modified_gmt":"2019-10-31T17:28:46","slug":"home-fund2","status":"publish","type":"page","link":"https:\/\/colegioperes.com.br\/site\/home-fund2\/","title":{"rendered":"Home Fundamental II"},"content":{"rendered":"\t\t<div data-elementor-type=\"wp-post\" data-elementor-id=\"12401\" class=\"elementor elementor-12401\" data-elementor-settings=\"[]\">\n\t\t\t\t\t\t<div class=\"elementor-inner\">\n\t\t\t\t\t\t\t<div class=\"elementor-section-wrap\">\n\t\t\t\t\t\t\t<section class=\"elementor-section elementor-top-section elementor-element elementor-element-fc8f07b elementor-section-stretched elementor-section-boxed elementor-section-height-default elementor-section-height-default\" data-id=\"fc8f07b\" data-element_type=\"section\" data-settings=\"{&quot;stretch_section&quot;:&quot;section-stretched&quot;,&quot;background_background&quot;:&quot;classic&quot;,&quot;shape_divider_bottom&quot;:&quot;waves&quot;}\">\n\t\t\t\t\t\t\t<div class=\"elementor-background-overlay\"><\/div>\n\t\t\t\t\t\t<div class=\"elementor-shape elementor-shape-bottom\" data-negative=\"false\">\n\t\t\t<svg xmlns=\"http:\/\/www.w3.org\/2000\/svg\" viewBox=\"0 0 1000 100\" preserveAspectRatio=\"none\">\n\t<path class=\"elementor-shape-fill\" d=\"M421.9,6.5c22.6-2.5,51.5,0.4,75.5,5.3c23.6,4.9,70.9,23.5,100.5,35.7c75.8,32.2,133.7,44.5,192.6,49.7\n\tc23.6,2.1,48.7,3.5,103.4-2.5c54.7-6,106.2-25.6,106.2-25.6V0H0v30.3c0,0,72,32.6,158.4,30.5c39.2-0.7,92.8-6.7,134-22.4\n\tc21.2-8.1,52.2-18.2,79.7-24.2C399.3,7.9,411.6,7.5,421.9,6.5z\"\/>\n<\/svg>\t\t<\/div>\n\t\t\t\t\t<div class=\"elementor-container elementor-column-gap-default\">\n\t\t\t\t\t\t\t<div class=\"elementor-row\">\n\t\t\t\t\t<div class=\"elementor-column elementor-col-100 elementor-top-column elementor-element elementor-element-9ff74ca\" data-id=\"9ff74ca\" data-element_type=\"column\">\n\t\t\t<div class=\"elementor-column-wrap elementor-element-populated\">\n\t\t\t\t\t\t\t<div class=\"elementor-widget-wrap\">\n\t\t\t\t\t\t<div class=\"elementor-element elementor-element-1dcf3b2 elementor-widget elementor-widget-heading\" data-id=\"1dcf3b2\" data-element_type=\"widget\" data-widget_type=\"heading.default\">\n\t\t\t\t<div class=\"elementor-widget-container\">\n\t\t\t<h2 class=\"elementor-heading-title elementor-size-default\">Matr\u00edculas <br>Abertas<\/h2>\t\t<\/div>\n\t\t\t\t<\/div>\n\t\t\t\t<div class=\"elementor-element elementor-element-c82446d elementor-widget elementor-widget-button\" data-id=\"c82446d\" data-element_type=\"widget\" data-widget_type=\"button.default\">\n\t\t\t\t<div class=\"elementor-widget-container\">\n\t\t\t\t\t<div class=\"elementor-button-wrapper\">\n\t\t\t<a href=\"https:\/\/colegioperes.com.br\/site\/info_matriculas\/\" class=\"elementor-button-link elementor-button elementor-size-lg\" role=\"button\">\n\t\t\t\t\t\t<span class=\"elementor-button-content-wrapper\">\n\t\t\t\t\t\t<span class=\"elementor-button-icon elementor-align-icon-left\">\n\t\t\t\t\t\t\t\t\t<i class=\"fa fa-caret-right\" aria-hidden=\"true\"><\/i>\n\t\t\t\t\t\t\t<\/span>\n\t\t\t\t\t\t<span class=\"elementor-button-text\">Saiba Mais <\/span>\n\t\t<\/span>\n\t\t\t\t\t<\/a>\n\t\t<\/div>\n\t\t\t\t<\/div>\n\t\t\t\t<\/div>\n\t\t\t\t\t\t<\/div>\n\t\t\t\t\t<\/div>\n\t\t<\/div>\n\t\t\t\t\t\t\t\t<\/div>\n\t\t\t\t\t<\/div>\n\t\t<\/section>\n\t\t\t\t<section class=\"elementor-section elementor-top-section elementor-element elementor-element-7edb08f elementor-section-stretched elementor-section-boxed elementor-section-height-default elementor-section-height-default\" data-id=\"7edb08f\" data-element_type=\"section\" data-settings=\"{&quot;stretch_section&quot;:&quot;section-stretched&quot;,&quot;background_background&quot;:&quot;classic&quot;,&quot;shape_divider_top&quot;:&quot;waves&quot;,&quot;shape_divider_top_negative&quot;:&quot;yes&quot;}\">\n\t\t\t\t\t<div class=\"elementor-shape elementor-shape-top\" data-negative=\"true\">\n\t\t\t<svg xmlns=\"http:\/\/www.w3.org\/2000\/svg\" viewBox=\"0 0 1000 100\" preserveAspectRatio=\"none\">\n\t<path class=\"elementor-shape-fill\" d=\"M790.5,93.1c-59.3-5.3-116.8-18-192.6-50c-29.6-12.7-76.9-31-100.5-35.9c-23.6-4.9-52.6-7.8-75.5-5.3\n\tc-10.2,1.1-22.6,1.4-50.1,7.4c-27.2,6.3-58.2,16.6-79.4,24.7c-41.3,15.9-94.9,21.9-134,22.6C72,58.2,0,25.8,0,25.8V100h1000V65.3\n\tc0,0-51.5,19.4-106.2,25.7C839.5,97,814.1,95.2,790.5,93.1z\"\/>\n<\/svg>\t\t<\/div>\n\t\t\t\t\t<div class=\"elementor-container elementor-column-gap-default\">\n\t\t\t\t\t\t\t<div class=\"elementor-row\">\n\t\t\t\t\t<div class=\"elementor-column elementor-col-100 elementor-top-column elementor-element elementor-element-b3de91f\" data-id=\"b3de91f\" data-element_type=\"column\">\n\t\t\t<div class=\"elementor-column-wrap elementor-element-populated\">\n\t\t\t\t\t\t\t<div class=\"elementor-widget-wrap\">\n\t\t\t\t\t\t<section class=\"elementor-section elementor-inner-section elementor-element elementor-element-d04b078 elementor-section-boxed elementor-section-height-default elementor-section-height-default\" data-id=\"d04b078\" data-element_type=\"section\">\n\t\t\t\t\t\t<div class=\"elementor-container elementor-column-gap-default\">\n\t\t\t\t\t\t\t<div class=\"elementor-row\">\n\t\t\t\t\t<div class=\"elementor-column elementor-col-100 elementor-inner-column elementor-element elementor-element-73b862c\" data-id=\"73b862c\" data-element_type=\"column\">\n\t\t\t<div class=\"elementor-column-wrap elementor-element-populated\">\n\t\t\t\t\t\t\t<div class=\"elementor-widget-wrap\">\n\t\t\t\t\t\t<div class=\"elementor-element elementor-element-7b86fb8 elementor-position-left elementor-vertical-align-top elementor-widget elementor-widget-image-box\" data-id=\"7b86fb8\" data-element_type=\"widget\" data-widget_type=\"image-box.default\">\n\t\t\t\t<div class=\"elementor-widget-container\">\n\t\t\t<div class=\"elementor-image-box-wrapper\"><figure class=\"elementor-image-box-img\"><img width=\"71\" height=\"69\" src=\"https:\/\/colegioperes.com.br\/site\/wp-content\/uploads\/2018\/08\/frame-2.png\" class=\"attachment-full size-full\" alt=\"\" loading=\"lazy\" \/><\/figure><div class=\"elementor-image-box-content\"><div class=\"elementor-image-box-title\">Ensino Fundamental II<\/div><p class=\"elementor-image-box-description\">Ofere\u00e7a o melhor para sua fam\u00edlia, matricule seu filho em uma das melhores escolas particulares de Osasco.<\/p><\/div><\/div>\t\t<\/div>\n\t\t\t\t<\/div>\n\t\t\t\t\t\t<\/div>\n\t\t\t\t\t<\/div>\n\t\t<\/div>\n\t\t\t\t\t\t\t\t<\/div>\n\t\t\t\t\t<\/div>\n\t\t<\/section>\n\t\t\t\t\t\t<\/div>\n\t\t\t\t\t<\/div>\n\t\t<\/div>\n\t\t\t\t\t\t\t\t<\/div>\n\t\t\t\t\t<\/div>\n\t\t<\/section>\n\t\t\t\t<section class=\"elementor-section elementor-top-section elementor-element elementor-element-3b34151 elementor-section-boxed elementor-section-height-default elementor-section-height-default\" data-id=\"3b34151\" data-element_type=\"section\" data-settings=\"{&quot;background_background&quot;:&quot;classic&quot;}\">\n\t\t\t\t\t\t<div class=\"elementor-container elementor-column-gap-default\">\n\t\t\t\t\t\t\t<div class=\"elementor-row\">\n\t\t\t\t\t<div class=\"elementor-column elementor-col-100 elementor-top-column elementor-element elementor-element-4841087\" data-id=\"4841087\" data-element_type=\"column\">\n\t\t\t<div class=\"elementor-column-wrap elementor-element-populated\">\n\t\t\t\t\t\t\t<div class=\"elementor-widget-wrap\">\n\t\t\t\t\t\t<div class=\"elementor-element elementor-element-701ab15 elementor-widget elementor-widget-text-editor\" data-id=\"701ab15\" data-element_type=\"widget\" data-widget_type=\"text-editor.default\">\n\t\t\t\t<div class=\"elementor-widget-container\">\n\t\t\t\t\t\t\t\t<div class=\"elementor-text-editor elementor-clearfix\">\n\t\t\t\t<p>Todo o trabalho realizado nesta fase ser\u00e1 voltado para o desenvolvimento do pensar, que \u00e9 um processo de constru\u00e7\u00e3o e descoberta. O educar para o uso do racioc\u00ednio \u00e9 orientado por dois crit\u00e9rios fundamentais: a pr\u00f3pria racionalidade e a criatividade. Ambos se constituem nos princ\u00edpios reguladores do pensar cr\u00edtico e criativo. O pensamento \u00e9 a ess\u00eancia da atividade educativa.<br \/>As atividades buscam aplicar e aprofundar os conhecimentos, mediante proposta de pesquisas, entrevistas, debates, leituras complementares, jogos e dramatiza\u00e7\u00f5es que d\u00eaem margem a cr\u00edticas, a reflex\u00f5es e ao desenvolvimento da linguagem oral, produzindo estruturas mais elaboradas de pensamento.<\/p><p>Todas as nossas salas\u00a0contam com recursos multim\u00eddia.<\/p><p><strong>ATIVIDADES SEMANAIS NA GRADE CURRICULAR<\/strong><\/p><p><strong>Rob\u00f3tica Educacional 6\u00ba ao 8\u00ba ano.<\/strong><\/p><p>Rob\u00f3tica educacional ou rob\u00f3tica pedag\u00f3gica s\u00e3o termos utilizados para caracterizar ambientes de aprendizagem que re\u00fanem materiais de sucata ou kits de montagem compostos por pe\u00e7as diversas, motores e sensores control\u00e1veis por computador e softwares que permitam programar de alguma forma o funcionamento dos modelos montados. Aumentando o interesse e a criatividade dos alunos e integrando diversas disciplinas.<br \/>Trata-se de uma atividade l\u00fadica e desafiadora, que une aprendizado e pr\u00e1tica. Al\u00e9m disso, valoriza o trabalho em grupo, a coopera\u00e7\u00e3o, planejamento, pesquisa, tomada de decis\u00f5es, defini\u00e7\u00e3o de a\u00e7\u00f5es, promove o di\u00e1logo e o respeito a diferentes opini\u00f5es. A rob\u00f3tica pedag\u00f3gica envolve um processo de motiva\u00e7\u00e3o, colabora\u00e7\u00e3o, constru\u00e7\u00e3o e reconstru\u00e7\u00e3o. A Rob\u00f3tica Pedag\u00f3gica utiliza-se dos conceitos de diversas disciplinas para a constru\u00e7\u00e3o de modelos, levando os alunos a uma rica viv\u00eancia interdisciplinar.<\/p><p><strong>Educa\u00e7\u00e3o Financeira\u00a0<\/strong><\/p><p>O Programa Expandir \u00e9 indicado para o Ensino Fundamental II e promove a vis\u00e3o ampliada do conhecimento, at\u00e9 ent\u00e3o trabalhada pelas diversas \u00e1reas do conhecimento, integrando-os aos da educa\u00e7\u00e3o financeira.<\/p><p>Apresenta atividades cotidianas, validadas pela neuroci\u00eancia, que levam o aluno a entender a import\u00e2ncia do aprender financeiro, levando \u00e0 forma\u00e7\u00e3o integral do aluno conforme pressupostos da Educa\u00e7\u00e3o Mundial: Aprender a Aprender, Aprender a Ser, Aprender a Fazer, Aprender a Conviver.<\/p><p><strong>Plant\u00e3o de D\u00favidas \u2013 L\u00edngua Portuguesa e Matem\u00e1tica<\/strong><\/p><p>Ser\u00e1 oferecido semanalmente para que o aluno tenha sempre pr\u00f3ximo de si um professor qualificado para solucionar qualquer d\u00favida sobre a mat\u00e9ria, ou sobre a resolu\u00e7\u00e3o dos exerc\u00edcios. Ele n\u00e3o precisa sair \u00e0 procura de um professor para auxili\u00e1-lo. O professor j\u00e1 est\u00e1 ali mesmo, na Sala de Estudo, ao lado do aluno.<\/p>\t\t\t\t\t<\/div>\n\t\t\t\t\t\t<\/div>\n\t\t\t\t<\/div>\n\t\t\t\t\t\t<\/div>\n\t\t\t\t\t<\/div>\n\t\t<\/div>\n\t\t\t\t\t\t\t\t<\/div>\n\t\t\t\t\t<\/div>\n\t\t<\/section>\n\t\t\t\t<section class=\"elementor-section elementor-top-section elementor-element elementor-element-b586123 elementor-section-boxed elementor-section-height-default elementor-section-height-default\" data-id=\"b586123\" data-element_type=\"section\">\n\t\t\t\t\t\t<div class=\"elementor-container elementor-column-gap-default\">\n\t\t\t\t\t\t\t<div class=\"elementor-row\">\n\t\t\t\t\t<div class=\"elementor-column elementor-col-50 elementor-top-column elementor-element elementor-element-0ebf7d9\" data-id=\"0ebf7d9\" data-element_type=\"column\">\n\t\t\t<div class=\"elementor-column-wrap elementor-element-populated\">\n\t\t\t\t\t\t\t<div class=\"elementor-widget-wrap\">\n\t\t\t\t\t\t<div class=\"elementor-element elementor-element-756a282 elementor-position-left elementor-view-default elementor-vertical-align-top elementor-widget elementor-widget-icon-box\" data-id=\"756a282\" data-element_type=\"widget\" data-widget_type=\"icon-box.default\">\n\t\t\t\t<div class=\"elementor-widget-container\">\n\t\t\t\t\t<div class=\"elementor-icon-box-wrapper\">\n\t\t\t\t\t\t<div class=\"elementor-icon-box-icon\">\n\t\t\t\t<span class=\"elementor-icon elementor-animation-\" >\n\t\t\t\t<i class=\"fa fa-map-marker\" aria-hidden=\"true\"><\/i>\t\t\t\t<\/span>\n\t\t\t<\/div>\n\t\t\t\t\t\t<div class=\"elementor-icon-box-content\">\n\t\t\t\t<h4 class=\"elementor-icon-box-title\">\n\t\t\t\t\t<span  >\n\t\t\t\t\t\t\t\t\t\t\t<\/span>\n\t\t\t\t<\/h4>\n\t\t\t\t\t\t\t\t\t<p class=\"elementor-icon-box-description\">\n\t\t\t\t\t\tRua Rio Paranapanema, 387 \u2013 Jd Piratininga \u2013 Osasco\/SP\t\t\t\t\t<\/p>\n\t\t\t\t\t\t\t<\/div>\n\t\t<\/div>\n\t\t\t\t<\/div>\n\t\t\t\t<\/div>\n\t\t\t\t\t\t<\/div>\n\t\t\t\t\t<\/div>\n\t\t<\/div>\n\t\t\t\t<div class=\"elementor-column elementor-col-50 elementor-top-column elementor-element elementor-element-c58fffa\" data-id=\"c58fffa\" data-element_type=\"column\">\n\t\t\t<div class=\"elementor-column-wrap elementor-element-populated\">\n\t\t\t\t\t\t\t<div class=\"elementor-widget-wrap\">\n\t\t\t\t\t\t<div class=\"elementor-element elementor-element-64e5dce elementor-position-left elementor-view-default elementor-vertical-align-top elementor-widget elementor-widget-icon-box\" data-id=\"64e5dce\" data-element_type=\"widget\" data-widget_type=\"icon-box.default\">\n\t\t\t\t<div class=\"elementor-widget-container\">\n\t\t\t\t\t<div class=\"elementor-icon-box-wrapper\">\n\t\t\t\t\t\t<div class=\"elementor-icon-box-icon\">\n\t\t\t\t<span class=\"elementor-icon elementor-animation-\" >\n\t\t\t\t<i class=\"fa fa-volume-control-phone\" aria-hidden=\"true\"><\/i>\t\t\t\t<\/span>\n\t\t\t<\/div>\n\t\t\t\t\t\t<div class=\"elementor-icon-box-content\">\n\t\t\t\t<h4 class=\"elementor-icon-box-title\">\n\t\t\t\t\t<span  >\n\t\t\t\t\t\t\t\t\t\t\t<\/span>\n\t\t\t\t<\/h4>\n\t\t\t\t\t\t\t\t\t<p class=\"elementor-icon-box-description\">\n\t\t\t\t\t\t(11) 3686-1925 | 3686-9624 | 3686-7638\t\t\t\t\t<\/p>\n\t\t\t\t\t\t\t<\/div>\n\t\t<\/div>\n\t\t\t\t<\/div>\n\t\t\t\t<\/div>\n\t\t\t\t\t\t<\/div>\n\t\t\t\t\t<\/div>\n\t\t<\/div>\n\t\t\t\t\t\t\t\t<\/div>\n\t\t\t\t\t<\/div>\n\t\t<\/section>\n\t\t\t\t\t\t<\/div>\n\t\t\t\t\t\t<\/div>\n\t\t\t\t\t<\/div>\n\t\t","protected":false},"excerpt":{"rendered":"<p>Matr\u00edculas Abertas Saiba Mais Ensino Fundamental II Ofere\u00e7a o melhor para sua fam\u00edlia, matricule seu filho em uma das melhores escolas particulares de Osasco. Todo o trabalho realizado nesta fase ser\u00e1 voltado para o desenvolvimento do pensar, que \u00e9 um processo de constru\u00e7\u00e3o e descoberta. O educar para o uso do racioc\u00ednio \u00e9 orientado por [&hellip;]<\/p>\n","protected":false},"author":1,"featured_media":0,"parent":0,"menu_order":0,"comment_status":"closed","ping_status":"closed","template":"elementor_header_footer","meta":[],"_links":{"self":[{"href":"https:\/\/colegioperes.com.br\/site\/wp-json\/wp\/v2\/pages\/12401"}],"collection":[{"href":"https:\/\/colegioperes.com.br\/site\/wp-json\/wp\/v2\/pages"}],"about":[{"href":"https:\/\/colegioperes.com.br\/site\/wp-json\/wp\/v2\/types\/page"}],"author":[{"embeddable":true,"href":"https:\/\/colegioperes.com.br\/site\/wp-json\/wp\/v2\/users\/1"}],"replies":[{"embeddable":true,"href":"https:\/\/colegioperes.com.br\/site\/wp-json\/wp\/v2\/comments?post=12401"}],"version-history":[{"count":7,"href":"https:\/\/colegioperes.com.br\/site\/wp-json\/wp\/v2\/pages\/12401\/revisions"}],"predecessor-version":[{"id":12518,"href":"https:\/\/colegioperes.com.br\/site\/wp-json\/wp\/v2\/pages\/12401\/revisions\/12518"}],"wp:attachment":[{"href":"https:\/\/colegioperes.com.br\/site\/wp-json\/wp\/v2\/media?parent=12401"}],"curies":[{"name":"wp","href":"https:\/\/api.w.org\/{rel}","templated":true}]}}