{"id":12399,"date":"2019-02-06T11:19:15","date_gmt":"2019-02-06T13:19:15","guid":{"rendered":"http:\/\/colegioperes.com.br\/site\/?page_id=12399"},"modified":"2024-09-27T12:11:08","modified_gmt":"2024-09-27T15:11:08","slug":"home-fund1","status":"publish","type":"page","link":"https:\/\/colegioperes.com.br\/site\/home-fund1\/","title":{"rendered":"Home Fundamental I"},"content":{"rendered":"\t\t<div data-elementor-type=\"wp-post\" data-elementor-id=\"12399\" class=\"elementor elementor-12399\" data-elementor-settings=\"[]\">\n\t\t\t\t\t\t<div class=\"elementor-inner\">\n\t\t\t\t\t\t\t<div class=\"elementor-section-wrap\">\n\t\t\t\t\t\t\t<section class=\"elementor-section elementor-top-section elementor-element elementor-element-fc8f07b elementor-section-stretched elementor-section-boxed elementor-section-height-default elementor-section-height-default\" data-id=\"fc8f07b\" data-element_type=\"section\" data-settings=\"{&quot;stretch_section&quot;:&quot;section-stretched&quot;,&quot;background_background&quot;:&quot;classic&quot;,&quot;shape_divider_bottom&quot;:&quot;waves&quot;}\">\n\t\t\t\t\t\t\t<div class=\"elementor-background-overlay\"><\/div>\n\t\t\t\t\t\t<div class=\"elementor-shape elementor-shape-bottom\" data-negative=\"false\">\n\t\t\t<svg xmlns=\"http:\/\/www.w3.org\/2000\/svg\" viewBox=\"0 0 1000 100\" preserveAspectRatio=\"none\">\n\t<path class=\"elementor-shape-fill\" d=\"M421.9,6.5c22.6-2.5,51.5,0.4,75.5,5.3c23.6,4.9,70.9,23.5,100.5,35.7c75.8,32.2,133.7,44.5,192.6,49.7\n\tc23.6,2.1,48.7,3.5,103.4-2.5c54.7-6,106.2-25.6,106.2-25.6V0H0v30.3c0,0,72,32.6,158.4,30.5c39.2-0.7,92.8-6.7,134-22.4\n\tc21.2-8.1,52.2-18.2,79.7-24.2C399.3,7.9,411.6,7.5,421.9,6.5z\"\/>\n<\/svg>\t\t<\/div>\n\t\t\t\t\t<div class=\"elementor-container elementor-column-gap-default\">\n\t\t\t\t\t\t\t<div class=\"elementor-row\">\n\t\t\t\t\t<div class=\"elementor-column elementor-col-100 elementor-top-column elementor-element elementor-element-9ff74ca\" data-id=\"9ff74ca\" data-element_type=\"column\">\n\t\t\t<div class=\"elementor-column-wrap elementor-element-populated\">\n\t\t\t\t\t\t\t<div class=\"elementor-widget-wrap\">\n\t\t\t\t\t\t<div class=\"elementor-element elementor-element-1dcf3b2 elementor-widget elementor-widget-heading\" data-id=\"1dcf3b2\" data-element_type=\"widget\" data-widget_type=\"heading.default\">\n\t\t\t\t<div class=\"elementor-widget-container\">\n\t\t\t<h2 class=\"elementor-heading-title elementor-size-default\">Matr\u00edculas <br>Abertas<\/h2>\t\t<\/div>\n\t\t\t\t<\/div>\n\t\t\t\t<div class=\"elementor-element elementor-element-154e703 elementor-widget elementor-widget-button\" data-id=\"154e703\" data-element_type=\"widget\" data-widget_type=\"button.default\">\n\t\t\t\t<div class=\"elementor-widget-container\">\n\t\t\t\t\t<div class=\"elementor-button-wrapper\">\n\t\t\t<a href=\"https:\/\/colegioperes.com.br\/site\/info_matriculas\/\" class=\"elementor-button-link elementor-button elementor-size-lg\" role=\"button\">\n\t\t\t\t\t\t<span class=\"elementor-button-content-wrapper\">\n\t\t\t\t\t\t<span class=\"elementor-button-icon elementor-align-icon-left\">\n\t\t\t\t\t\t\t\t\t<i class=\"fa fa-caret-right\" aria-hidden=\"true\"><\/i>\n\t\t\t\t\t\t\t<\/span>\n\t\t\t\t\t\t<span class=\"elementor-button-text\">Saiba Mais <\/span>\n\t\t<\/span>\n\t\t\t\t\t<\/a>\n\t\t<\/div>\n\t\t\t\t<\/div>\n\t\t\t\t<\/div>\n\t\t\t\t\t\t<\/div>\n\t\t\t\t\t<\/div>\n\t\t<\/div>\n\t\t\t\t\t\t\t\t<\/div>\n\t\t\t\t\t<\/div>\n\t\t<\/section>\n\t\t\t\t<section class=\"elementor-section elementor-top-section elementor-element elementor-element-7edb08f elementor-section-stretched elementor-section-boxed elementor-section-height-default elementor-section-height-default\" data-id=\"7edb08f\" data-element_type=\"section\" data-settings=\"{&quot;stretch_section&quot;:&quot;section-stretched&quot;,&quot;background_background&quot;:&quot;classic&quot;,&quot;shape_divider_top&quot;:&quot;waves&quot;,&quot;shape_divider_top_negative&quot;:&quot;yes&quot;}\">\n\t\t\t\t\t<div class=\"elementor-shape elementor-shape-top\" data-negative=\"true\">\n\t\t\t<svg xmlns=\"http:\/\/www.w3.org\/2000\/svg\" viewBox=\"0 0 1000 100\" preserveAspectRatio=\"none\">\n\t<path class=\"elementor-shape-fill\" d=\"M790.5,93.1c-59.3-5.3-116.8-18-192.6-50c-29.6-12.7-76.9-31-100.5-35.9c-23.6-4.9-52.6-7.8-75.5-5.3\n\tc-10.2,1.1-22.6,1.4-50.1,7.4c-27.2,6.3-58.2,16.6-79.4,24.7c-41.3,15.9-94.9,21.9-134,22.6C72,58.2,0,25.8,0,25.8V100h1000V65.3\n\tc0,0-51.5,19.4-106.2,25.7C839.5,97,814.1,95.2,790.5,93.1z\"\/>\n<\/svg>\t\t<\/div>\n\t\t\t\t\t<div class=\"elementor-container elementor-column-gap-default\">\n\t\t\t\t\t\t\t<div class=\"elementor-row\">\n\t\t\t\t\t<div class=\"elementor-column elementor-col-100 elementor-top-column elementor-element elementor-element-b3de91f\" data-id=\"b3de91f\" data-element_type=\"column\">\n\t\t\t<div class=\"elementor-column-wrap elementor-element-populated\">\n\t\t\t\t\t\t\t<div class=\"elementor-widget-wrap\">\n\t\t\t\t\t\t<section class=\"elementor-section elementor-inner-section elementor-element elementor-element-d04b078 elementor-section-boxed elementor-section-height-default elementor-section-height-default\" data-id=\"d04b078\" data-element_type=\"section\">\n\t\t\t\t\t\t<div class=\"elementor-container elementor-column-gap-default\">\n\t\t\t\t\t\t\t<div class=\"elementor-row\">\n\t\t\t\t\t<div class=\"elementor-column elementor-col-100 elementor-inner-column elementor-element elementor-element-73b862c\" data-id=\"73b862c\" data-element_type=\"column\">\n\t\t\t<div class=\"elementor-column-wrap elementor-element-populated\">\n\t\t\t\t\t\t\t<div class=\"elementor-widget-wrap\">\n\t\t\t\t\t\t<div class=\"elementor-element elementor-element-7b86fb8 elementor-position-left elementor-vertical-align-top elementor-widget elementor-widget-image-box\" data-id=\"7b86fb8\" data-element_type=\"widget\" data-widget_type=\"image-box.default\">\n\t\t\t\t<div class=\"elementor-widget-container\">\n\t\t\t<div class=\"elementor-image-box-wrapper\"><figure class=\"elementor-image-box-img\"><img width=\"71\" height=\"69\" src=\"https:\/\/colegioperes.com.br\/site\/wp-content\/uploads\/2018\/08\/frame-2.png\" class=\"attachment-full size-full\" alt=\"\" loading=\"lazy\" \/><\/figure><div class=\"elementor-image-box-content\"><div class=\"elementor-image-box-title\">Ensino Fundamental  I ( 1\u00ba ao 5\u00ba anos )<\/div><p class=\"elementor-image-box-description\">Ofere\u00e7a o melhor para sua fam\u00edlia, matricule seu filho em uma das melhores escolas particulares de Osasco.<\/p><\/div><\/div>\t\t<\/div>\n\t\t\t\t<\/div>\n\t\t\t\t\t\t<\/div>\n\t\t\t\t\t<\/div>\n\t\t<\/div>\n\t\t\t\t\t\t\t\t<\/div>\n\t\t\t\t\t<\/div>\n\t\t<\/section>\n\t\t\t\t\t\t<\/div>\n\t\t\t\t\t<\/div>\n\t\t<\/div>\n\t\t\t\t\t\t\t\t<\/div>\n\t\t\t\t\t<\/div>\n\t\t<\/section>\n\t\t\t\t<section class=\"elementor-section elementor-top-section elementor-element elementor-element-e4d0bb9 elementor-section-boxed elementor-section-height-default elementor-section-height-default\" data-id=\"e4d0bb9\" data-element_type=\"section\">\n\t\t\t\t\t\t<div class=\"elementor-container elementor-column-gap-default\">\n\t\t\t\t\t\t\t<div class=\"elementor-row\">\n\t\t\t\t\t<div class=\"elementor-column elementor-col-33 elementor-top-column elementor-element elementor-element-85a1028\" data-id=\"85a1028\" data-element_type=\"column\">\n\t\t\t<div class=\"elementor-column-wrap elementor-element-populated\">\n\t\t\t\t\t\t\t<div class=\"elementor-widget-wrap\">\n\t\t\t\t\t\t<div class=\"elementor-element elementor-element-c5aadd4 elementor-widget elementor-widget-image\" data-id=\"c5aadd4\" data-element_type=\"widget\" data-widget_type=\"image.default\">\n\t\t\t\t<div class=\"elementor-widget-container\">\n\t\t\t\t\t\t\t\t<div class=\"elementor-image\">\n\t\t\t\t\t\t\t\t\t\t\t\t<img width=\"640\" height=\"480\" src=\"https:\/\/colegioperes.com.br\/site\/wp-content\/uploads\/2024\/09\/anglo-01-1024x768.png\" class=\"attachment-large size-large\" alt=\"\" loading=\"lazy\" srcset=\"https:\/\/colegioperes.com.br\/site\/wp-content\/uploads\/2024\/09\/anglo-01-1024x768.png 1024w, https:\/\/colegioperes.com.br\/site\/wp-content\/uploads\/2024\/09\/anglo-01-300x225.png 300w, https:\/\/colegioperes.com.br\/site\/wp-content\/uploads\/2024\/09\/anglo-01-768x576.png 768w, https:\/\/colegioperes.com.br\/site\/wp-content\/uploads\/2024\/09\/anglo-01-1536x1152.png 1536w, https:\/\/colegioperes.com.br\/site\/wp-content\/uploads\/2024\/09\/anglo-01-2048x1536.png 2048w\" sizes=\"(max-width: 640px) 100vw, 640px\" \/>\t\t\t\t\t\t\t\t\t\t\t\t\t\t<\/div>\n\t\t\t\t\t\t<\/div>\n\t\t\t\t<\/div>\n\t\t\t\t\t\t<\/div>\n\t\t\t\t\t<\/div>\n\t\t<\/div>\n\t\t\t\t<div class=\"elementor-column elementor-col-33 elementor-top-column elementor-element elementor-element-20ca90c\" data-id=\"20ca90c\" data-element_type=\"column\">\n\t\t\t<div class=\"elementor-column-wrap elementor-element-populated\">\n\t\t\t\t\t\t\t<div class=\"elementor-widget-wrap\">\n\t\t\t\t\t\t<div class=\"elementor-element elementor-element-8cf25ad elementor-widget elementor-widget-image\" data-id=\"8cf25ad\" data-element_type=\"widget\" data-widget_type=\"image.default\">\n\t\t\t\t<div class=\"elementor-widget-container\">\n\t\t\t\t\t\t\t\t<div class=\"elementor-image\">\n\t\t\t\t\t\t\t\t\t\t\t\t<img width=\"640\" height=\"480\" src=\"https:\/\/colegioperes.com.br\/site\/wp-content\/uploads\/2024\/09\/mind-01-1024x768.png\" class=\"attachment-large size-large\" alt=\"\" loading=\"lazy\" srcset=\"https:\/\/colegioperes.com.br\/site\/wp-content\/uploads\/2024\/09\/mind-01-1024x768.png 1024w, https:\/\/colegioperes.com.br\/site\/wp-content\/uploads\/2024\/09\/mind-01-300x225.png 300w, https:\/\/colegioperes.com.br\/site\/wp-content\/uploads\/2024\/09\/mind-01-768x576.png 768w, https:\/\/colegioperes.com.br\/site\/wp-content\/uploads\/2024\/09\/mind-01-1536x1152.png 1536w, https:\/\/colegioperes.com.br\/site\/wp-content\/uploads\/2024\/09\/mind-01-2048x1536.png 2048w\" sizes=\"(max-width: 640px) 100vw, 640px\" \/>\t\t\t\t\t\t\t\t\t\t\t\t\t\t<\/div>\n\t\t\t\t\t\t<\/div>\n\t\t\t\t<\/div>\n\t\t\t\t\t\t<\/div>\n\t\t\t\t\t<\/div>\n\t\t<\/div>\n\t\t\t\t<div class=\"elementor-column elementor-col-33 elementor-top-column elementor-element elementor-element-c40296d\" data-id=\"c40296d\" data-element_type=\"column\">\n\t\t\t<div class=\"elementor-column-wrap elementor-element-populated\">\n\t\t\t\t\t\t\t<div class=\"elementor-widget-wrap\">\n\t\t\t\t\t\t<div class=\"elementor-element elementor-element-cb20c70 elementor-widget elementor-widget-image\" data-id=\"cb20c70\" data-element_type=\"widget\" data-widget_type=\"image.default\">\n\t\t\t\t<div class=\"elementor-widget-container\">\n\t\t\t\t\t\t\t\t<div class=\"elementor-image\">\n\t\t\t\t\t\t\t\t\t\t\t\t<img width=\"640\" height=\"480\" src=\"https:\/\/colegioperes.com.br\/site\/wp-content\/uploads\/2024\/09\/lider-01-1024x768.png\" class=\"attachment-large size-large\" alt=\"\" loading=\"lazy\" srcset=\"https:\/\/colegioperes.com.br\/site\/wp-content\/uploads\/2024\/09\/lider-01-1024x768.png 1024w, https:\/\/colegioperes.com.br\/site\/wp-content\/uploads\/2024\/09\/lider-01-300x225.png 300w, https:\/\/colegioperes.com.br\/site\/wp-content\/uploads\/2024\/09\/lider-01-768x576.png 768w, https:\/\/colegioperes.com.br\/site\/wp-content\/uploads\/2024\/09\/lider-01-1536x1152.png 1536w, https:\/\/colegioperes.com.br\/site\/wp-content\/uploads\/2024\/09\/lider-01-2048x1536.png 2048w\" sizes=\"(max-width: 640px) 100vw, 640px\" \/>\t\t\t\t\t\t\t\t\t\t\t\t\t\t<\/div>\n\t\t\t\t\t\t<\/div>\n\t\t\t\t<\/div>\n\t\t\t\t\t\t<\/div>\n\t\t\t\t\t<\/div>\n\t\t<\/div>\n\t\t\t\t\t\t\t\t<\/div>\n\t\t\t\t\t<\/div>\n\t\t<\/section>\n\t\t\t\t<section class=\"elementor-section elementor-top-section elementor-element elementor-element-3b34151 elementor-section-boxed elementor-section-height-default elementor-section-height-default\" data-id=\"3b34151\" data-element_type=\"section\" data-settings=\"{&quot;background_background&quot;:&quot;classic&quot;}\">\n\t\t\t\t\t\t<div class=\"elementor-container elementor-column-gap-default\">\n\t\t\t\t\t\t\t<div class=\"elementor-row\">\n\t\t\t\t\t<div class=\"elementor-column elementor-col-100 elementor-top-column elementor-element elementor-element-4841087\" data-id=\"4841087\" data-element_type=\"column\">\n\t\t\t<div class=\"elementor-column-wrap elementor-element-populated\">\n\t\t\t\t\t\t\t<div class=\"elementor-widget-wrap\">\n\t\t\t\t\t\t<div class=\"elementor-element elementor-element-701ab15 elementor-widget elementor-widget-text-editor\" data-id=\"701ab15\" data-element_type=\"widget\" data-widget_type=\"text-editor.default\">\n\t\t\t\t<div class=\"elementor-widget-container\">\n\t\t\t\t\t\t\t\t<div class=\"elementor-text-editor elementor-clearfix\">\n\t\t\t\t<p>Nesta fase, ocorre o processo sociointeracionista: o aluno constr\u00f3i o conhecimento produzido historicamente pelo homem e, ao mesmo tempo, apropria-se dele. O papel do professor \u00e9 de mediador entre aluno e objeto do conhecimento, considerando que o aluno seja o sujeito interativo, que aprende mediante participa\u00e7\u00e3o ativa nas atividades propostas.<br \/>As descobertas e as experi\u00eancias individuais e coletivas s\u00e3o valorizadas por meio de jogos, brincadeiras e atividades envolventes, que estimulam o ato de pensar. Dessa maneira, o professor introduz os conte\u00fados de forma din\u00e2mica e agrad\u00e1vel e os alunos participam ativa e reflexivamente, desenvolvendo-se como indiv\u00edduos cr\u00edticos, capazes de solucionar racionalmente os problemas e de transformar sua realidade, promovendo o desenvolvimento da postura cr\u00edtica, participativa e dialogada.<\/p><p>Todas as nossas salas\u00a0contam com recursos multim\u00eddia.<\/p><p><strong>ATIVIDADES SEMANAIS NA GRADE CURRICULAR<\/strong><\/p><p><strong>Ci\u00eancia Viva \u2013 3\u00ba, 4\u00ba e 5\u00ba anos \u2013\u00a0aula semanal na grade curricular com professor especialista<\/strong><\/p><p>Valorizando m\u00e9todos de investiga\u00e7\u00e3o cient\u00edfica nosso prop\u00f3sito \u00e9 inspirar o aluno a \u201cvivenciar ci\u00eancias\u201d por meio de aulas no laborat\u00f3rio com professor especialista. Assim, apresentaremos o conhecimento de forma mais prazerosa; facilitando o aprender a pensar, a elaborar as informa\u00e7\u00f5es e produzir conhecimento pr\u00f3prio, para aplic\u00e1-lo em benef\u00edcio pr\u00f3prio e da sociedade. Pesquisando, observando, registrando, experimentando e concluindo, o aluno desenvolve a organiza\u00e7\u00e3o do trabalho e do racioc\u00ednio sobre o evento observado; detecta falhas, levanta hip\u00f3teses e desenvolve habilidades para a experimenta\u00e7\u00e3o e elabora\u00e7\u00e3o de teorias.<\/p><p><strong>Ballet \u2013 1\u00ba e 2\u00ba anos \u2013 aula semanal na grade curricular com professor especialista<\/strong><\/p><p>As aulas acontecem a partir de atividades l\u00fadicas, onde a crian\u00e7a tem seu primeiro contato com a t\u00e9cnica cl\u00e1ssica e no\u00e7\u00f5es de uma postura correta. O curso auxilia no desenvolvimento das capacidades e habilidades da crian\u00e7a como um todo, levando em conta seu mundo imagin\u00e1rio e suas fantasias.<\/p><p><strong>Jud\u00f4 \u2013 1\u00ba e 2\u00ba anos \u2013\u00a0aula semanal na grade curricular com professor especialista<\/strong><\/p><p>A pr\u00e1tica do Jud\u00f4 tem influ\u00eancia sobre os aspectos motores, cognitivos e afetivos da crian\u00e7a, ajudando a desenvolver: coordena\u00e7\u00e3o motora, lateralidade, orienta\u00e7\u00e3o espa\u00e7o-temporal, equil\u00edbrio, concentra\u00e7\u00e3o, respeito, disciplina, paci\u00eancia e amizade.<\/p><p>Por causa dessa influ\u00eancia positiva sobre os aspectos psicomotores, o Jud\u00f4 tem grande import\u00e2ncia desde a educa\u00e7\u00e3o infantil. Sendo inserido de forma l\u00fadica e saud\u00e1vel, respeitando sempre as fases do desenvolvimento da crian\u00e7a, abordando suas respectivas metodologias, lembrando que a crian\u00e7a \u00e9 uma crian\u00e7a e devemos respeitar seus limites e capacidades.<\/p><p><strong>M\u00fasica \u2013 1\u00ba ao 3\u00ba ano \u2013 aula semanal na grade curricular com professor especialista<\/strong><\/p><p>Ajuda a afinar a sensibilidade dos alunos, aumenta a capacidade de concentra\u00e7\u00e3o, desenvolve o racioc\u00ednio l\u00f3gico-matem\u00e1tico e a mem\u00f3ria, al\u00e9m de ser um forte desencadeador de emo\u00e7\u00f5es. Os benef\u00edcios de uma boa Inicia\u00e7\u00e3o Musical se estender\u00e3o para todas as \u00e1reas da aprendizagem.<br \/>De forma ativa e cont\u00ednua, a aprendizagem musical integra pr\u00e1tica, reflex\u00e3o e conscientiza\u00e7\u00e3o, encaminhando a experi\u00eancia para n\u00edveis cada vez mais elaborados.<\/p><p><strong>Educa\u00e7\u00e3o Financeira\u00a0<\/strong><\/p><p>Programa indicado para o Ensino Fundamental I e promove a vis\u00e3o ampliada do conhecimento, at\u00e9 ent\u00e3o trabalhada pelas diversas \u00e1reas do conhecimento, integrando-os aos da educa\u00e7\u00e3o financeira.<\/p><p>Apresenta atividades cotidianas, validadas pela neuroci\u00eancia, que levam o aluno a entender a import\u00e2ncia do aprender financeiro, levando \u00e0 forma\u00e7\u00e3o integral do aluno conforme pressupostos da Educa\u00e7\u00e3o Mundial: Aprender a Aprender, Aprender a Ser, Aprender a Fazer, Aprender a Conviver.<\/p>\t\t\t\t\t<\/div>\n\t\t\t\t\t\t<\/div>\n\t\t\t\t<\/div>\n\t\t\t\t\t\t<\/div>\n\t\t\t\t\t<\/div>\n\t\t<\/div>\n\t\t\t\t\t\t\t\t<\/div>\n\t\t\t\t\t<\/div>\n\t\t<\/section>\n\t\t\t\t<section class=\"elementor-section elementor-top-section elementor-element elementor-element-b586123 elementor-section-boxed elementor-section-height-default elementor-section-height-default\" data-id=\"b586123\" data-element_type=\"section\">\n\t\t\t\t\t\t<div class=\"elementor-container elementor-column-gap-default\">\n\t\t\t\t\t\t\t<div class=\"elementor-row\">\n\t\t\t\t\t<div class=\"elementor-column elementor-col-50 elementor-top-column elementor-element elementor-element-0ebf7d9\" data-id=\"0ebf7d9\" data-element_type=\"column\">\n\t\t\t<div class=\"elementor-column-wrap elementor-element-populated\">\n\t\t\t\t\t\t\t<div class=\"elementor-widget-wrap\">\n\t\t\t\t\t\t<div class=\"elementor-element elementor-element-756a282 elementor-position-left elementor-view-default elementor-vertical-align-top elementor-widget elementor-widget-icon-box\" data-id=\"756a282\" data-element_type=\"widget\" data-widget_type=\"icon-box.default\">\n\t\t\t\t<div class=\"elementor-widget-container\">\n\t\t\t\t\t<div class=\"elementor-icon-box-wrapper\">\n\t\t\t\t\t\t<div class=\"elementor-icon-box-icon\">\n\t\t\t\t<span class=\"elementor-icon elementor-animation-\" >\n\t\t\t\t<i class=\"fa fa-map-marker\" aria-hidden=\"true\"><\/i>\t\t\t\t<\/span>\n\t\t\t<\/div>\n\t\t\t\t\t\t<div class=\"elementor-icon-box-content\">\n\t\t\t\t<h4 class=\"elementor-icon-box-title\">\n\t\t\t\t\t<span  >\n\t\t\t\t\t\t\t\t\t\t\t<\/span>\n\t\t\t\t<\/h4>\n\t\t\t\t\t\t\t\t\t<p class=\"elementor-icon-box-description\">\n\t\t\t\t\t\tRua Rio Paranapanema, 387 \u2013 Jd Piratininga \u2013 Osasco\/SP\t\t\t\t\t<\/p>\n\t\t\t\t\t\t\t<\/div>\n\t\t<\/div>\n\t\t\t\t<\/div>\n\t\t\t\t<\/div>\n\t\t\t\t\t\t<\/div>\n\t\t\t\t\t<\/div>\n\t\t<\/div>\n\t\t\t\t<div class=\"elementor-column elementor-col-50 elementor-top-column elementor-element elementor-element-c58fffa\" data-id=\"c58fffa\" data-element_type=\"column\">\n\t\t\t<div class=\"elementor-column-wrap elementor-element-populated\">\n\t\t\t\t\t\t\t<div class=\"elementor-widget-wrap\">\n\t\t\t\t\t\t<div class=\"elementor-element elementor-element-64e5dce elementor-position-left elementor-view-default elementor-vertical-align-top elementor-widget elementor-widget-icon-box\" data-id=\"64e5dce\" data-element_type=\"widget\" data-widget_type=\"icon-box.default\">\n\t\t\t\t<div class=\"elementor-widget-container\">\n\t\t\t\t\t<div class=\"elementor-icon-box-wrapper\">\n\t\t\t\t\t\t<div class=\"elementor-icon-box-icon\">\n\t\t\t\t<span class=\"elementor-icon elementor-animation-\" >\n\t\t\t\t<i class=\"fa fa-volume-control-phone\" aria-hidden=\"true\"><\/i>\t\t\t\t<\/span>\n\t\t\t<\/div>\n\t\t\t\t\t\t<div class=\"elementor-icon-box-content\">\n\t\t\t\t<h4 class=\"elementor-icon-box-title\">\n\t\t\t\t\t<span  >\n\t\t\t\t\t\t\t\t\t\t\t<\/span>\n\t\t\t\t<\/h4>\n\t\t\t\t\t\t\t\t\t<p class=\"elementor-icon-box-description\">\n\t\t\t\t\t\t(11) 3686-1925 | 3686-9624 | 3686-7638\t\t\t\t\t<\/p>\n\t\t\t\t\t\t\t<\/div>\n\t\t<\/div>\n\t\t\t\t<\/div>\n\t\t\t\t<\/div>\n\t\t\t\t\t\t<\/div>\n\t\t\t\t\t<\/div>\n\t\t<\/div>\n\t\t\t\t\t\t\t\t<\/div>\n\t\t\t\t\t<\/div>\n\t\t<\/section>\n\t\t\t\t\t\t<\/div>\n\t\t\t\t\t\t<\/div>\n\t\t\t\t\t<\/div>\n\t\t","protected":false},"excerpt":{"rendered":"<p>Matr\u00edculas Abertas Saiba Mais Ensino Fundamental I ( 1\u00ba ao 5\u00ba anos ) Ofere\u00e7a o melhor para sua fam\u00edlia, matricule seu filho em uma das melhores escolas particulares de Osasco. Nesta fase, ocorre o processo sociointeracionista: o aluno constr\u00f3i o conhecimento produzido historicamente pelo homem e, ao mesmo tempo, apropria-se dele. O papel do professor [&hellip;]<\/p>\n","protected":false},"author":1,"featured_media":0,"parent":0,"menu_order":0,"comment_status":"closed","ping_status":"closed","template":"elementor_header_footer","meta":[],"_links":{"self":[{"href":"https:\/\/colegioperes.com.br\/site\/wp-json\/wp\/v2\/pages\/12399"}],"collection":[{"href":"https:\/\/colegioperes.com.br\/site\/wp-json\/wp\/v2\/pages"}],"about":[{"href":"https:\/\/colegioperes.com.br\/site\/wp-json\/wp\/v2\/types\/page"}],"author":[{"embeddable":true,"href":"https:\/\/colegioperes.com.br\/site\/wp-json\/wp\/v2\/users\/1"}],"replies":[{"embeddable":true,"href":"https:\/\/colegioperes.com.br\/site\/wp-json\/wp\/v2\/comments?post=12399"}],"version-history":[{"count":15,"href":"https:\/\/colegioperes.com.br\/site\/wp-json\/wp\/v2\/pages\/12399\/revisions"}],"predecessor-version":[{"id":13463,"href":"https:\/\/colegioperes.com.br\/site\/wp-json\/wp\/v2\/pages\/12399\/revisions\/13463"}],"wp:attachment":[{"href":"https:\/\/colegioperes.com.br\/site\/wp-json\/wp\/v2\/media?parent=12399"}],"curies":[{"name":"wp","href":"https:\/\/api.w.org\/{rel}","templated":true}]}}