{"id":12397,"date":"2019-02-06T11:18:42","date_gmt":"2019-02-06T13:18:42","guid":{"rendered":"http:\/\/colegioperes.com.br\/site\/?page_id=12397"},"modified":"2019-05-30T13:24:27","modified_gmt":"2019-05-30T16:24:27","slug":"home-infantil","status":"publish","type":"page","link":"https:\/\/colegioperes.com.br\/site\/home-infantil\/","title":{"rendered":"Home Infantil"},"content":{"rendered":"\t\t<div data-elementor-type=\"wp-post\" data-elementor-id=\"12397\" class=\"elementor elementor-12397 elementor-bc-flex-widget\" data-elementor-settings=\"[]\">\n\t\t\t\t\t\t<div class=\"elementor-inner\">\n\t\t\t\t\t\t\t<div class=\"elementor-section-wrap\">\n\t\t\t\t\t\t\t<section class=\"elementor-section elementor-top-section elementor-element elementor-element-fc8f07b elementor-section-stretched elementor-section-boxed elementor-section-height-default elementor-section-height-default\" data-id=\"fc8f07b\" data-element_type=\"section\" data-settings=\"{&quot;stretch_section&quot;:&quot;section-stretched&quot;,&quot;background_background&quot;:&quot;classic&quot;,&quot;shape_divider_bottom&quot;:&quot;waves&quot;}\">\n\t\t\t\t\t\t\t<div class=\"elementor-background-overlay\"><\/div>\n\t\t\t\t\t\t<div class=\"elementor-shape elementor-shape-bottom\" data-negative=\"false\">\n\t\t\t<svg xmlns=\"http:\/\/www.w3.org\/2000\/svg\" viewBox=\"0 0 1000 100\" preserveAspectRatio=\"none\">\n\t<path class=\"elementor-shape-fill\" d=\"M421.9,6.5c22.6-2.5,51.5,0.4,75.5,5.3c23.6,4.9,70.9,23.5,100.5,35.7c75.8,32.2,133.7,44.5,192.6,49.7\n\tc23.6,2.1,48.7,3.5,103.4-2.5c54.7-6,106.2-25.6,106.2-25.6V0H0v30.3c0,0,72,32.6,158.4,30.5c39.2-0.7,92.8-6.7,134-22.4\n\tc21.2-8.1,52.2-18.2,79.7-24.2C399.3,7.9,411.6,7.5,421.9,6.5z\"\/>\n<\/svg>\t\t<\/div>\n\t\t\t\t\t<div class=\"elementor-container elementor-column-gap-default\">\n\t\t\t\t\t\t\t<div class=\"elementor-row\">\n\t\t\t\t\t<div class=\"elementor-column elementor-col-100 elementor-top-column elementor-element elementor-element-9ff74ca\" data-id=\"9ff74ca\" data-element_type=\"column\">\n\t\t\t<div class=\"elementor-column-wrap elementor-element-populated\">\n\t\t\t\t\t\t\t<div class=\"elementor-widget-wrap\">\n\t\t\t\t\t\t<div class=\"elementor-element elementor-element-1dcf3b2 elementor-widget elementor-widget-heading\" data-id=\"1dcf3b2\" data-element_type=\"widget\" data-widget_type=\"heading.default\">\n\t\t\t\t<div class=\"elementor-widget-container\">\n\t\t\t<h2 class=\"elementor-heading-title elementor-size-default\">Matr\u00edculas <br>Abertas<\/h2>\t\t<\/div>\n\t\t\t\t<\/div>\n\t\t\t\t<div class=\"elementor-element elementor-element-9e754a7 elementor-widget elementor-widget-button\" data-id=\"9e754a7\" data-element_type=\"widget\" data-widget_type=\"button.default\">\n\t\t\t\t<div class=\"elementor-widget-container\">\n\t\t\t\t\t<div class=\"elementor-button-wrapper\">\n\t\t\t<a href=\"https:\/\/colegioperes.com.br\/site\/info_matriculas\/\" class=\"elementor-button-link elementor-button elementor-size-lg\" role=\"button\">\n\t\t\t\t\t\t<span class=\"elementor-button-content-wrapper\">\n\t\t\t\t\t\t<span class=\"elementor-button-icon elementor-align-icon-left\">\n\t\t\t\t\t\t\t\t\t<i class=\"fa fa-caret-right\" aria-hidden=\"true\"><\/i>\n\t\t\t\t\t\t\t<\/span>\n\t\t\t\t\t\t<span class=\"elementor-button-text\">Saiba Mais <\/span>\n\t\t<\/span>\n\t\t\t\t\t<\/a>\n\t\t<\/div>\n\t\t\t\t<\/div>\n\t\t\t\t<\/div>\n\t\t\t\t\t\t<\/div>\n\t\t\t\t\t<\/div>\n\t\t<\/div>\n\t\t\t\t\t\t\t\t<\/div>\n\t\t\t\t\t<\/div>\n\t\t<\/section>\n\t\t\t\t<section class=\"elementor-section elementor-top-section elementor-element elementor-element-7edb08f elementor-section-stretched elementor-section-boxed elementor-section-height-default elementor-section-height-default\" data-id=\"7edb08f\" data-element_type=\"section\" data-settings=\"{&quot;stretch_section&quot;:&quot;section-stretched&quot;,&quot;background_background&quot;:&quot;classic&quot;,&quot;shape_divider_top&quot;:&quot;waves&quot;,&quot;shape_divider_top_negative&quot;:&quot;yes&quot;}\">\n\t\t\t\t\t<div class=\"elementor-shape elementor-shape-top\" data-negative=\"true\">\n\t\t\t<svg xmlns=\"http:\/\/www.w3.org\/2000\/svg\" viewBox=\"0 0 1000 100\" preserveAspectRatio=\"none\">\n\t<path class=\"elementor-shape-fill\" d=\"M790.5,93.1c-59.3-5.3-116.8-18-192.6-50c-29.6-12.7-76.9-31-100.5-35.9c-23.6-4.9-52.6-7.8-75.5-5.3\n\tc-10.2,1.1-22.6,1.4-50.1,7.4c-27.2,6.3-58.2,16.6-79.4,24.7c-41.3,15.9-94.9,21.9-134,22.6C72,58.2,0,25.8,0,25.8V100h1000V65.3\n\tc0,0-51.5,19.4-106.2,25.7C839.5,97,814.1,95.2,790.5,93.1z\"\/>\n<\/svg>\t\t<\/div>\n\t\t\t\t\t<div class=\"elementor-container elementor-column-gap-default\">\n\t\t\t\t\t\t\t<div class=\"elementor-row\">\n\t\t\t\t\t<div class=\"elementor-column elementor-col-100 elementor-top-column elementor-element elementor-element-b3de91f\" data-id=\"b3de91f\" data-element_type=\"column\">\n\t\t\t<div class=\"elementor-column-wrap elementor-element-populated\">\n\t\t\t\t\t\t\t<div class=\"elementor-widget-wrap\">\n\t\t\t\t\t\t<section class=\"elementor-section elementor-inner-section elementor-element elementor-element-d04b078 elementor-section-boxed elementor-section-height-default elementor-section-height-default\" data-id=\"d04b078\" data-element_type=\"section\">\n\t\t\t\t\t\t<div class=\"elementor-container elementor-column-gap-default\">\n\t\t\t\t\t\t\t<div class=\"elementor-row\">\n\t\t\t\t\t<div class=\"elementor-column elementor-col-100 elementor-inner-column elementor-element elementor-element-73b862c\" data-id=\"73b862c\" data-element_type=\"column\">\n\t\t\t<div class=\"elementor-column-wrap elementor-element-populated\">\n\t\t\t\t\t\t\t<div class=\"elementor-widget-wrap\">\n\t\t\t\t\t\t<div class=\"elementor-element elementor-element-7b86fb8 elementor-position-left elementor-vertical-align-top elementor-widget elementor-widget-image-box\" data-id=\"7b86fb8\" data-element_type=\"widget\" data-widget_type=\"image-box.default\">\n\t\t\t\t<div class=\"elementor-widget-container\">\n\t\t\t<div class=\"elementor-image-box-wrapper\"><figure class=\"elementor-image-box-img\"><img width=\"71\" height=\"69\" src=\"https:\/\/colegioperes.com.br\/site\/wp-content\/uploads\/2018\/08\/frame-2.png\" class=\"attachment-full size-full\" alt=\"\" loading=\"lazy\" \/><\/figure><div class=\"elementor-image-box-content\"><div class=\"elementor-image-box-title\">Educa\u00e7\u00e3o Infantil<\/div><p class=\"elementor-image-box-description\">Ofere\u00e7a o melhor para sua fam\u00edlia, matricule seu filho em uma das melhores escolas particulares de Osasco.<\/p><\/div><\/div>\t\t<\/div>\n\t\t\t\t<\/div>\n\t\t\t\t\t\t<\/div>\n\t\t\t\t\t<\/div>\n\t\t<\/div>\n\t\t\t\t\t\t\t\t<\/div>\n\t\t\t\t\t<\/div>\n\t\t<\/section>\n\t\t\t\t\t\t<\/div>\n\t\t\t\t\t<\/div>\n\t\t<\/div>\n\t\t\t\t\t\t\t\t<\/div>\n\t\t\t\t\t<\/div>\n\t\t<\/section>\n\t\t\t\t<section class=\"elementor-section elementor-top-section elementor-element elementor-element-3b34151 elementor-section-boxed elementor-section-height-default elementor-section-height-default\" data-id=\"3b34151\" data-element_type=\"section\" data-settings=\"{&quot;background_background&quot;:&quot;classic&quot;}\">\n\t\t\t\t\t\t<div class=\"elementor-container elementor-column-gap-default\">\n\t\t\t\t\t\t\t<div class=\"elementor-row\">\n\t\t\t\t\t<div class=\"elementor-column elementor-col-100 elementor-top-column elementor-element elementor-element-4841087\" data-id=\"4841087\" data-element_type=\"column\">\n\t\t\t<div class=\"elementor-column-wrap elementor-element-populated\">\n\t\t\t\t\t\t\t<div class=\"elementor-widget-wrap\">\n\t\t\t\t\t\t<div class=\"elementor-element elementor-element-701ab15 elementor-widget elementor-widget-text-editor\" data-id=\"701ab15\" data-element_type=\"widget\" data-widget_type=\"text-editor.default\">\n\t\t\t\t<div class=\"elementor-widget-container\">\n\t\t\t\t\t\t\t\t<div class=\"elementor-text-editor elementor-clearfix\">\n\t\t\t\t<p>T\u00e3o importante quanto o amor, o cuidado, o descanso e a nutri\u00e7\u00e3o, s\u00e3o tamb\u00e9m a brincadeira e o movimento, essenciais para as crian\u00e7as. Elas podem aprender de maneira mais significativa se \u201cbrincarem\u201d com os conte\u00fados propostos. Lembramos que brincar \u00e9 uma realidade no cotidiano da crian\u00e7a e, para que ela brinque, \u00e9 suficiente que n\u00e3o seja impedida de exercitar sua imagina\u00e7\u00e3o. Brincando ela mostra como reflete, ordena, desorganiza, destr\u00f3i e reconstr\u00f3i o mundo, manifestando, de modo simb\u00f3lico, fantasias, desejos, medos e sentimentos, construindo seus conhecimentos por meio das experi\u00eancias vividas.<\/p><p>O caminho que uma crian\u00e7a percorre desde que ingressa na escola at\u00e9 se transformar em adulto est\u00e1 relacionado \u00e0s condi\u00e7\u00f5es biol\u00f3gicas, sociais e intelectuais em que vive. Durante seu desenvolvimento, a crian\u00e7a passa por etapas que se caracterizam por diferentes aspectos de suas rela\u00e7\u00f5es com o mundo f\u00edsico e social. S\u00e3o formas de agir e de pensar que se sucedem em um processo cont\u00ednuo de elabora\u00e7\u00e3o de conceitos. A ordem em que acontecem \u00e9 a mesma para todas elas, por\u00e9m o momento varia segundo cada crian\u00e7a.<\/p><p>O curso de Educa\u00e7\u00e3o Infantil tem como objetivos gerais:<\/p><ul><li>Oferecer ao aluno um ambiente harm\u00f4nico, estimulando as habilidades da crian\u00e7a nosv\u00e1rios aspectos que proporcionam seu desenvolvimento, atrav\u00e9s da intera\u00e7\u00e3o com o meio f\u00edsico, social e intelectual, respeitando suas capacidades;<\/li><li>Incentivar o gosto pelas descobertas e a valoriza\u00e7\u00e3o de suas experi\u00eancias individuais e coletivas;<\/li><li>Proporcionar atividades para desenvolver a sociabiliza\u00e7\u00e3o, integra\u00e7\u00e3o no grupo; participarativamente de brincadeiras e jogos;<\/li><li>Promover o desenvolvimento de uma postura participativa.<\/li><\/ul><p>Todas as nossas salas\u00a0contam com recursos multim\u00eddia.<strong><br \/><\/strong><\/p><p><strong>ATIVIDADES SEMANAIS NA GRADE CURRICULAR\u00a0<\/strong><\/p><p><strong>English for kids <\/strong><\/p><p>Especialistas defendem que quanto mais cedo come\u00e7ar o aprendizado de um novo idioma, melhor ser\u00e1 o aproveitamento, pois as \u00e1reas do c\u00e9rebro respons\u00e1veis pela decodifica\u00e7\u00e3o e emiss\u00e3o de sons est\u00e3o em forma\u00e7\u00e3o. Portanto, \u00e9 o per\u00edodo ideal para est\u00edmulos.<\/p><p>Aprender um novo idioma precisa ser uma experi\u00eancia divertida. Jogos, brincadeiras, m\u00fasicas, teatro, v\u00eddeos s\u00e3o recursos que despertam o gosto pelo aprendizado.<\/p><p><strong>Educa\u00e7\u00e3o f\u00edsica com \u00eanfase em psicomotricidade <\/strong><\/p><p>Quando se trabalha o movimento, \u00e9 importante saber que as mudan\u00e7as ocorrem em todas as crian\u00e7as, por\u00e9m em ritmos diferentes. A educa\u00e7\u00e3o psicomotora consiste em desenvolver nelas os pr\u00e9-requisitos psicol\u00f3gicos necess\u00e1rios ao aprendizado, pois esse processo leva cada crian\u00e7a a tomar consci\u00eancia do pr\u00f3prio corpo e de sua lateralidade, a situar-se no espa\u00e7o e no tempo, adquirindo habilidade e coordena\u00e7\u00e3o nos gestos e movimentos.<\/p><p><strong>Ballet <\/strong><\/p><p>As aulas acontecem a partir de atividades l\u00fadicas, onde a crian\u00e7a tem seu primeiro contato com a t\u00e9cnica cl\u00e1ssica e no\u00e7\u00f5es de uma postura correta. O curso auxilia no desenvolvimento das capacidades e habilidades da crian\u00e7a como um todo, levando em conta seu mundo imagin\u00e1rio e suas fantasias.<\/p><p><strong>Jud\u00f4<\/strong><\/p><p>A pr\u00e1tica do Jud\u00f4 tem influ\u00eancia sobre os aspectos motores, cognitivos e afetivos da crian\u00e7a, ajudando a desenvolver: coordena\u00e7\u00e3o motora, lateralidade, orienta\u00e7\u00e3o espa\u00e7o-temporal, equil\u00edbrio, concentra\u00e7\u00e3o, respeito, disciplina, paci\u00eancia e amizade.<\/p><p>Por causa dessa influ\u00eancia positiva sobre os aspectos psicomotores, o Jud\u00f4 tem grande import\u00e2ncia desde a educa\u00e7\u00e3o infantil. Sendo inserido de forma l\u00fadica e saud\u00e1vel, respeitando sempre as fases do desenvolvimento da crian\u00e7a, abordando suas respectivas metodologias, lembrando que a crian\u00e7a \u00e9 uma crian\u00e7a e devemos respeitar seus limites e capacidades.<\/p><p><strong>Culin\u00e1ria<\/strong><\/p><p>Mensalmente, os alunos realizam oficinas de culin\u00e1ria. O objetivo \u00e9 fazer com que as crian\u00e7as experimentem novos alimentos, incluam em suas refei\u00e7\u00f5es verduras, legumes e frutas. Nas datas comemorativas preparamos receitas t\u00edpicas, por exemplo, nas Festas Juninas as crian\u00e7as fazem bolo de milho, pipoca, etc. Na P\u00e1scoa fazem bombons e outras receitas com chocolate.<\/p><p>As crian\u00e7as exploram a receita como texto, reconhecendo letras e palavras, quantidade e medidas. Nesse dia eles n\u00e3o trazem lanche, pois ir\u00e3o degustar o que foi preparado pela turma. Aos pais solicitamos uma pequena quantia em dinheiro para a compra dos ingredientes e o valor comercial dos produtos tamb\u00e9m \u00e9 explorado. As opera\u00e7\u00f5es matem\u00e1ticas ganham a admira\u00e7\u00e3o deles quando envolve o dinheiro verdadeiro (notas e moedas) e tamb\u00e9m s\u00e3o trabalhadas nesse momento.<\/p><p><strong>\u00a0<\/strong><strong>M\u00fasica<\/strong><\/p><p>Uma vez por semana, com professor espec\u00edfico, as crian\u00e7as participam das aulas de m\u00fasica. O Col\u00e9gio oferece uma sala pr\u00f3pria para esse momento: ampla e arejada, com tapetes e almofadas espalhados pelo ch\u00e3o. V\u00e1rios instrumentos musicais est\u00e3o dispon\u00edveis e tamb\u00e9m: CDs diversos, aparelho de som, revistas, letras e partituras musicais. Destacam-se os objetos musicais \/ acess\u00f3rios de origem ind\u00edgena.<\/p><p>O Professor tamb\u00e9m auxilia a aprendizagem dos conte\u00fados, desenvolvidos na sala de aula, compondo m\u00fasicas, poesias e rimas sobre os mesmos.<\/p><p>Temos dado \u00eanfase \u00e0s brincadeiras e cantigas antigas. As parlendas e muitas das m\u00fasicas que cantamos fazem parte do folclore infantil brasileiro. \u00c9 preciso que aquelas cantigas que antigamente acompanhavam as brincadeiras das crian\u00e7as nas ruas tenham hoje seu espa\u00e7o garantido nas escolas, que passam assim a cumprir a importante fun\u00e7\u00e3o de transmiti-las a cada nova gera\u00e7\u00e3o.<\/p><p><strong>Brincar<\/strong><\/p><p>No per\u00edodo pr\u00e9-escolar, o brincar desempenha forte fator na socializa\u00e7\u00e3o da crian\u00e7a, pois ela come\u00e7a a interagir com seus professores e colegas de classe (Sanseverino, M. M. 2002, p. 109). Esse tipo de situa\u00e7\u00e3o far\u00e1 com que o indiv\u00edduo aprenda a se portar de maneira adequada em situa\u00e7\u00f5es distintas, aprender\u00e1 que para se ter uma boa rela\u00e7\u00e3o, \u00e9 preciso respeitar regras, respeitar o espa\u00e7o, opini\u00f5es e ideias de outras pessoas, mesmo que n\u00e3o esteja de acordo com as mesmas.<\/p><p>O brincar permite \u00e0 crian\u00e7a vivenciar o l\u00fadico e descobrir a si mesma, apreender a realidade, tornando-se capaz de desenvolver seu potencial criativo. \u00c9 uma forma particular de express\u00e3o, pensamento, intera\u00e7\u00e3o e comunica\u00e7\u00e3o entre as crian\u00e7as.<\/p><p>Vygotsky (1998) afirma que, para brincar conforme as regras da brincadeira do \u201cfaz de conta\u201d, a crian\u00e7a tem que se esfor\u00e7ar para exibir um comportamento que n\u00e3o \u00e9 o seu no cotidiano, o que a impulsiona para al\u00e9m de seu comportamento como crian\u00e7a. Por exemplo, se comportar como a m\u00e3e, motorista, m\u00e9dico, jogando atrav\u00e9s desses pap\u00e9is em situa\u00e7\u00f5es variadas. Ela assume e exercita os v\u00e1rios pap\u00e9is com os quais interage no cotidiano.<\/p>\t\t\t\t\t<\/div>\n\t\t\t\t\t\t<\/div>\n\t\t\t\t<\/div>\n\t\t\t\t\t\t<\/div>\n\t\t\t\t\t<\/div>\n\t\t<\/div>\n\t\t\t\t\t\t\t\t<\/div>\n\t\t\t\t\t<\/div>\n\t\t<\/section>\n\t\t\t\t<section class=\"elementor-section elementor-top-section elementor-element elementor-element-b586123 elementor-section-boxed elementor-section-height-default elementor-section-height-default\" data-id=\"b586123\" data-element_type=\"section\">\n\t\t\t\t\t\t<div class=\"elementor-container elementor-column-gap-default\">\n\t\t\t\t\t\t\t<div class=\"elementor-row\">\n\t\t\t\t\t<div class=\"elementor-column elementor-col-50 elementor-top-column elementor-element elementor-element-0ebf7d9\" data-id=\"0ebf7d9\" data-element_type=\"column\">\n\t\t\t<div class=\"elementor-column-wrap elementor-element-populated\">\n\t\t\t\t\t\t\t<div class=\"elementor-widget-wrap\">\n\t\t\t\t\t\t<div class=\"elementor-element elementor-element-756a282 elementor-position-left elementor-view-default elementor-vertical-align-top elementor-widget elementor-widget-icon-box\" data-id=\"756a282\" data-element_type=\"widget\" data-widget_type=\"icon-box.default\">\n\t\t\t\t<div class=\"elementor-widget-container\">\n\t\t\t\t\t<div class=\"elementor-icon-box-wrapper\">\n\t\t\t\t\t\t<div class=\"elementor-icon-box-icon\">\n\t\t\t\t<span class=\"elementor-icon elementor-animation-\" >\n\t\t\t\t<i class=\"fa fa-map-marker\" aria-hidden=\"true\"><\/i>\t\t\t\t<\/span>\n\t\t\t<\/div>\n\t\t\t\t\t\t<div class=\"elementor-icon-box-content\">\n\t\t\t\t<h4 class=\"elementor-icon-box-title\">\n\t\t\t\t\t<span  >\n\t\t\t\t\t\t\t\t\t\t\t<\/span>\n\t\t\t\t<\/h4>\n\t\t\t\t\t\t\t\t\t<p class=\"elementor-icon-box-description\">\n\t\t\t\t\t\tRua Rio Paranapanema, 387 \u2013 Jd Piratininga \u2013 Osasco\/SP\t\t\t\t\t<\/p>\n\t\t\t\t\t\t\t<\/div>\n\t\t<\/div>\n\t\t\t\t<\/div>\n\t\t\t\t<\/div>\n\t\t\t\t\t\t<\/div>\n\t\t\t\t\t<\/div>\n\t\t<\/div>\n\t\t\t\t<div class=\"elementor-column elementor-col-50 elementor-top-column elementor-element elementor-element-c58fffa\" data-id=\"c58fffa\" data-element_type=\"column\">\n\t\t\t<div class=\"elementor-column-wrap elementor-element-populated\">\n\t\t\t\t\t\t\t<div class=\"elementor-widget-wrap\">\n\t\t\t\t\t\t<div class=\"elementor-element elementor-element-64e5dce elementor-position-left elementor-view-default elementor-vertical-align-top elementor-widget elementor-widget-icon-box\" data-id=\"64e5dce\" data-element_type=\"widget\" data-widget_type=\"icon-box.default\">\n\t\t\t\t<div class=\"elementor-widget-container\">\n\t\t\t\t\t<div class=\"elementor-icon-box-wrapper\">\n\t\t\t\t\t\t<div class=\"elementor-icon-box-icon\">\n\t\t\t\t<span class=\"elementor-icon elementor-animation-\" >\n\t\t\t\t<i class=\"fa fa-volume-control-phone\" aria-hidden=\"true\"><\/i>\t\t\t\t<\/span>\n\t\t\t<\/div>\n\t\t\t\t\t\t<div class=\"elementor-icon-box-content\">\n\t\t\t\t<h4 class=\"elementor-icon-box-title\">\n\t\t\t\t\t<span  >\n\t\t\t\t\t\t\t\t\t\t\t<\/span>\n\t\t\t\t<\/h4>\n\t\t\t\t\t\t\t\t\t<p class=\"elementor-icon-box-description\">\n\t\t\t\t\t\t(11) 3686-1925 | 3686-9624 | 3686-7638\t\t\t\t\t<\/p>\n\t\t\t\t\t\t\t<\/div>\n\t\t<\/div>\n\t\t\t\t<\/div>\n\t\t\t\t<\/div>\n\t\t\t\t\t\t<\/div>\n\t\t\t\t\t<\/div>\n\t\t<\/div>\n\t\t\t\t\t\t\t\t<\/div>\n\t\t\t\t\t<\/div>\n\t\t<\/section>\n\t\t\t\t\t\t<\/div>\n\t\t\t\t\t\t<\/div>\n\t\t\t\t\t<\/div>\n\t\t","protected":false},"excerpt":{"rendered":"<p>Matr\u00edculas Abertas Saiba Mais Educa\u00e7\u00e3o Infantil Ofere\u00e7a o melhor para sua fam\u00edlia, matricule seu filho em uma das melhores escolas particulares de Osasco. T\u00e3o importante quanto o amor, o cuidado, o descanso e a nutri\u00e7\u00e3o, s\u00e3o tamb\u00e9m a brincadeira e o movimento, essenciais para as crian\u00e7as. Elas podem aprender de maneira mais significativa se \u201cbrincarem\u201d [&hellip;]<\/p>\n","protected":false},"author":1,"featured_media":0,"parent":0,"menu_order":0,"comment_status":"closed","ping_status":"closed","template":"elementor_header_footer","meta":[],"_links":{"self":[{"href":"https:\/\/colegioperes.com.br\/site\/wp-json\/wp\/v2\/pages\/12397"}],"collection":[{"href":"https:\/\/colegioperes.com.br\/site\/wp-json\/wp\/v2\/pages"}],"about":[{"href":"https:\/\/colegioperes.com.br\/site\/wp-json\/wp\/v2\/types\/page"}],"author":[{"embeddable":true,"href":"https:\/\/colegioperes.com.br\/site\/wp-json\/wp\/v2\/users\/1"}],"replies":[{"embeddable":true,"href":"https:\/\/colegioperes.com.br\/site\/wp-json\/wp\/v2\/comments?post=12397"}],"version-history":[{"count":5,"href":"https:\/\/colegioperes.com.br\/site\/wp-json\/wp\/v2\/pages\/12397\/revisions"}],"predecessor-version":[{"id":12471,"href":"https:\/\/colegioperes.com.br\/site\/wp-json\/wp\/v2\/pages\/12397\/revisions\/12471"}],"wp:attachment":[{"href":"https:\/\/colegioperes.com.br\/site\/wp-json\/wp\/v2\/media?parent=12397"}],"curies":[{"name":"wp","href":"https:\/\/api.w.org\/{rel}","templated":true}]}}