{"id":12334,"date":"2019-01-25T15:30:47","date_gmt":"2019-01-25T17:30:47","guid":{"rendered":"http:\/\/colegioperes.com.br\/site\/?page_id=12334"},"modified":"2019-12-13T19:37:04","modified_gmt":"2019-12-13T22:37:04","slug":"judo","status":"publish","type":"page","link":"https:\/\/colegioperes.com.br\/site\/judo\/","title":{"rendered":"Jud\u00f4"},"content":{"rendered":"\t\t<div data-elementor-type=\"wp-post\" data-elementor-id=\"12334\" class=\"elementor elementor-12334\" data-elementor-settings=\"[]\">\n\t\t\t\t\t\t<div class=\"elementor-inner\">\n\t\t\t\t\t\t\t<div class=\"elementor-section-wrap\">\n\t\t\t\t\t\t\t<section class=\"elementor-section elementor-top-section elementor-element elementor-element-e91ba9a elementor-section-boxed elementor-section-height-default elementor-section-height-default\" data-id=\"e91ba9a\" data-element_type=\"section\">\n\t\t\t\t\t\t<div class=\"elementor-container elementor-column-gap-default\">\n\t\t\t\t\t\t\t<div class=\"elementor-row\">\n\t\t\t\t\t<div class=\"elementor-column elementor-col-100 elementor-top-column elementor-element elementor-element-75aa2c3\" data-id=\"75aa2c3\" data-element_type=\"column\">\n\t\t\t<div class=\"elementor-column-wrap elementor-element-populated\">\n\t\t\t\t\t\t\t<div class=\"elementor-widget-wrap\">\n\t\t\t\t\t\t<div class=\"elementor-element elementor-element-d9e118c elementor-widget elementor-widget-image\" data-id=\"d9e118c\" data-element_type=\"widget\" data-widget_type=\"image.default\">\n\t\t\t\t<div class=\"elementor-widget-container\">\n\t\t\t\t\t\t\t\t<div class=\"elementor-image\">\n\t\t\t\t\t\t\t\t\t\t\t\t<img src=\"https:\/\/colegioperes.com.br\/site\/wp-content\/uploads\/elementor\/thumbs\/judo2020-oi4nejw1ynuc0se7oj4ur6s4ydnhwmgo9mlbfst3ow.jpg\" title=\"judo2020\" alt=\"judo2020\" \/>\t\t\t\t\t\t\t\t\t\t\t\t\t\t<\/div>\n\t\t\t\t\t\t<\/div>\n\t\t\t\t<\/div>\n\t\t\t\t\t\t<\/div>\n\t\t\t\t\t<\/div>\n\t\t<\/div>\n\t\t\t\t\t\t\t\t<\/div>\n\t\t\t\t\t<\/div>\n\t\t<\/section>\n\t\t\t\t<section class=\"elementor-section elementor-top-section elementor-element elementor-element-badef9a elementor-section-boxed elementor-section-height-default elementor-section-height-default\" data-id=\"badef9a\" data-element_type=\"section\">\n\t\t\t\t\t\t<div class=\"elementor-container elementor-column-gap-default\">\n\t\t\t\t\t\t\t<div class=\"elementor-row\">\n\t\t\t\t\t<div class=\"elementor-column elementor-col-100 elementor-top-column elementor-element elementor-element-fa4bd6b\" data-id=\"fa4bd6b\" data-element_type=\"column\">\n\t\t\t<div class=\"elementor-column-wrap elementor-element-populated\">\n\t\t\t\t\t\t\t<div class=\"elementor-widget-wrap\">\n\t\t\t\t\t\t<div class=\"elementor-element elementor-element-d07c82e elementor-widget elementor-widget-heading\" data-id=\"d07c82e\" data-element_type=\"widget\" data-widget_type=\"heading.default\">\n\t\t\t\t<div class=\"elementor-widget-container\">\n\t\t\t<h2 class=\"elementor-heading-title elementor-size-default\">Jud\u00f4<\/h2>\t\t<\/div>\n\t\t\t\t<\/div>\n\t\t\t\t\t\t<\/div>\n\t\t\t\t\t<\/div>\n\t\t<\/div>\n\t\t\t\t\t\t\t\t<\/div>\n\t\t\t\t\t<\/div>\n\t\t<\/section>\n\t\t\t\t<section class=\"elementor-section elementor-top-section elementor-element elementor-element-4bb086e elementor-section-boxed elementor-section-height-default elementor-section-height-default\" data-id=\"4bb086e\" data-element_type=\"section\">\n\t\t\t\t\t\t<div class=\"elementor-container elementor-column-gap-default\">\n\t\t\t\t\t\t\t<div class=\"elementor-row\">\n\t\t\t\t\t<div class=\"elementor-column elementor-col-100 elementor-top-column elementor-element elementor-element-b00c7cb\" data-id=\"b00c7cb\" data-element_type=\"column\">\n\t\t\t<div class=\"elementor-column-wrap elementor-element-populated\">\n\t\t\t\t\t\t\t<div class=\"elementor-widget-wrap\">\n\t\t\t\t\t\t<div class=\"elementor-element elementor-element-3c6853d elementor-widget elementor-widget-text-editor\" data-id=\"3c6853d\" data-element_type=\"widget\" data-widget_type=\"text-editor.default\">\n\t\t\t\t<div class=\"elementor-widget-container\">\n\t\t\t\t\t\t\t\t<div class=\"elementor-text-editor elementor-clearfix\">\n\t\t\t\t<p>A pr\u00e1tica do Jud\u00f4 tem influ\u00eancia sobre os aspectos motores, cognitivos e afetivos da crian\u00e7a, ajudando a desenvolver: coordena\u00e7\u00e3o motora, lateralidade, orienta\u00e7\u00e3o espa\u00e7o-temporal, equil\u00edbrio, concentra\u00e7\u00e3o, respeito, disciplina, paci\u00eancia e amizade.<br \/>Por causa dessa influ\u00eancia positiva sobre os aspectos psicomotores, o Jud\u00f4 tem grande import\u00e2ncia desde a educa\u00e7\u00e3o infantil. Sendo inserido de forma l\u00fadica e saud\u00e1vel, respeitando sempre as fases do desenvolvimento da crian\u00e7a, abordando suas respectivas metodologias, lembrando que a crian\u00e7a \u00e9 uma crian\u00e7a e devemos respeitar seus limites e capacidades.<\/p>\t\t\t\t\t<\/div>\n\t\t\t\t\t\t<\/div>\n\t\t\t\t<\/div>\n\t\t\t\t\t\t<\/div>\n\t\t\t\t\t<\/div>\n\t\t<\/div>\n\t\t\t\t\t\t\t\t<\/div>\n\t\t\t\t\t<\/div>\n\t\t<\/section>\n\t\t\t\t<section class=\"elementor-section elementor-top-section elementor-element elementor-element-7a30b37 elementor-section-boxed elementor-section-height-default elementor-section-height-default\" data-id=\"7a30b37\" data-element_type=\"section\">\n\t\t\t\t\t\t<div class=\"elementor-container elementor-column-gap-default\">\n\t\t\t\t\t\t\t<div class=\"elementor-row\">\n\t\t\t\t\t<div class=\"elementor-column elementor-col-50 elementor-top-column elementor-element elementor-element-c804b8b\" data-id=\"c804b8b\" data-element_type=\"column\">\n\t\t\t<div class=\"elementor-column-wrap elementor-element-populated\">\n\t\t\t\t\t\t\t<div class=\"elementor-widget-wrap\">\n\t\t\t\t\t\t<div class=\"elementor-element elementor-element-b91cc54 elementor-position-left elementor-view-default elementor-vertical-align-top elementor-widget elementor-widget-icon-box\" data-id=\"b91cc54\" data-element_type=\"widget\" data-widget_type=\"icon-box.default\">\n\t\t\t\t<div class=\"elementor-widget-container\">\n\t\t\t\t\t<div class=\"elementor-icon-box-wrapper\">\n\t\t\t\t\t\t<div class=\"elementor-icon-box-icon\">\n\t\t\t\t<span class=\"elementor-icon elementor-animation-\" >\n\t\t\t\t<i class=\"fa fa-map-marker\" aria-hidden=\"true\"><\/i>\t\t\t\t<\/span>\n\t\t\t<\/div>\n\t\t\t\t\t\t<div class=\"elementor-icon-box-content\">\n\t\t\t\t<h4 class=\"elementor-icon-box-title\">\n\t\t\t\t\t<span  >\n\t\t\t\t\t\t\t\t\t\t\t<\/span>\n\t\t\t\t<\/h4>\n\t\t\t\t\t\t\t\t\t<p class=\"elementor-icon-box-description\">\n\t\t\t\t\t\tRua Rio Paranapanema, 387 \u2013 Jd Piratininga \u2013 Osasco\/SP\t\t\t\t\t<\/p>\n\t\t\t\t\t\t\t<\/div>\n\t\t<\/div>\n\t\t\t\t<\/div>\n\t\t\t\t<\/div>\n\t\t\t\t\t\t<\/div>\n\t\t\t\t\t<\/div>\n\t\t<\/div>\n\t\t\t\t<div class=\"elementor-column elementor-col-50 elementor-top-column elementor-element elementor-element-91a779b\" data-id=\"91a779b\" data-element_type=\"column\">\n\t\t\t<div class=\"elementor-column-wrap elementor-element-populated\">\n\t\t\t\t\t\t\t<div class=\"elementor-widget-wrap\">\n\t\t\t\t\t\t<div class=\"elementor-element elementor-element-efd9a2a elementor-position-left elementor-view-default elementor-vertical-align-top elementor-widget elementor-widget-icon-box\" data-id=\"efd9a2a\" data-element_type=\"widget\" data-widget_type=\"icon-box.default\">\n\t\t\t\t<div class=\"elementor-widget-container\">\n\t\t\t\t\t<div class=\"elementor-icon-box-wrapper\">\n\t\t\t\t\t\t<div class=\"elementor-icon-box-icon\">\n\t\t\t\t<span class=\"elementor-icon elementor-animation-\" >\n\t\t\t\t<i class=\"fa fa-volume-control-phone\" aria-hidden=\"true\"><\/i>\t\t\t\t<\/span>\n\t\t\t<\/div>\n\t\t\t\t\t\t<div class=\"elementor-icon-box-content\">\n\t\t\t\t<h4 class=\"elementor-icon-box-title\">\n\t\t\t\t\t<span  >\n\t\t\t\t\t\t\t\t\t\t\t<\/span>\n\t\t\t\t<\/h4>\n\t\t\t\t\t\t\t\t\t<p class=\"elementor-icon-box-description\">\n\t\t\t\t\t\t(11) 3686-1925 | 3686-9624 | 3686-7638\t\t\t\t\t<\/p>\n\t\t\t\t\t\t\t<\/div>\n\t\t<\/div>\n\t\t\t\t<\/div>\n\t\t\t\t<\/div>\n\t\t\t\t\t\t<\/div>\n\t\t\t\t\t<\/div>\n\t\t<\/div>\n\t\t\t\t\t\t\t\t<\/div>\n\t\t\t\t\t<\/div>\n\t\t<\/section>\n\t\t\t\t\t\t<\/div>\n\t\t\t\t\t\t<\/div>\n\t\t\t\t\t<\/div>\n\t\t","protected":false},"excerpt":{"rendered":"<p>Jud\u00f4 A pr\u00e1tica do Jud\u00f4 tem influ\u00eancia sobre os aspectos motores, cognitivos e afetivos da crian\u00e7a, ajudando a desenvolver: coordena\u00e7\u00e3o motora, lateralidade, orienta\u00e7\u00e3o espa\u00e7o-temporal, equil\u00edbrio, concentra\u00e7\u00e3o, respeito, disciplina, paci\u00eancia e amizade.Por causa dessa influ\u00eancia positiva sobre os aspectos psicomotores, o Jud\u00f4 tem grande import\u00e2ncia desde a educa\u00e7\u00e3o infantil. Sendo inserido de forma l\u00fadica e saud\u00e1vel, [&hellip;]<\/p>\n","protected":false},"author":1,"featured_media":0,"parent":0,"menu_order":0,"comment_status":"closed","ping_status":"open","template":"","meta":[],"_links":{"self":[{"href":"https:\/\/colegioperes.com.br\/site\/wp-json\/wp\/v2\/pages\/12334"}],"collection":[{"href":"https:\/\/colegioperes.com.br\/site\/wp-json\/wp\/v2\/pages"}],"about":[{"href":"https:\/\/colegioperes.com.br\/site\/wp-json\/wp\/v2\/types\/page"}],"author":[{"embeddable":true,"href":"https:\/\/colegioperes.com.br\/site\/wp-json\/wp\/v2\/users\/1"}],"replies":[{"embeddable":true,"href":"https:\/\/colegioperes.com.br\/site\/wp-json\/wp\/v2\/comments?post=12334"}],"version-history":[{"count":3,"href":"https:\/\/colegioperes.com.br\/site\/wp-json\/wp\/v2\/pages\/12334\/revisions"}],"predecessor-version":[{"id":12539,"href":"https:\/\/colegioperes.com.br\/site\/wp-json\/wp\/v2\/pages\/12334\/revisions\/12539"}],"wp:attachment":[{"href":"https:\/\/colegioperes.com.br\/site\/wp-json\/wp\/v2\/media?parent=12334"}],"curies":[{"name":"wp","href":"https:\/\/api.w.org\/{rel}","templated":true}]}}